{"id":506,"date":"2023-05-23T02:48:55","date_gmt":"2023-05-23T00:48:55","guid":{"rendered":"https:\/\/demo.bravisthemes.com\/seaside\/?page_id=506"},"modified":"2026-03-11T17:40:58","modified_gmt":"2026-03-11T16:40:58","slug":"reservation","status":"publish","type":"page","link":"https:\/\/appartmadinina27.com\/en\/reservation\/","title":{"rendered":"Booking"},"content":{"rendered":"<div data-elementor-type=\"wp-page\" data-elementor-id=\"506\" class=\"elementor elementor-506\">\n\t\t\t\t        <section class=\"elementor-section elementor-top-section elementor-element elementor-element-f9aae04 elementor-section-stretched elementor-section-boxed elementor-section-height-default elementor-section-height-default pxl-section-overflow-hidden-no\" data-id=\"f9aae04\" data-element_type=\"section\" data-settings=\"{&quot;stretch_section&quot;:&quot;section-stretched&quot;,&quot;background_background&quot;:&quot;classic&quot;}\">\n\n                \n                <div class=\"elementor-container elementor-column-gap-extended\">\n                <div class=\"elementor-column elementor-col-100 elementor-top-column elementor-element elementor-element-583876a col-offset-none pxl-column-element-default pxl-column-overflow-hidden-no\" data-id=\"583876a\" data-element_type=\"column\">\r\n        <div class=\"elementor-widget-wrap elementor-element-populated\">\r\n                     \r\n        \t\t<div class=\"elementor-element elementor-element-8c03805 pxl-wg-bd-anm-no elementor-widget elementor-widget-pxl_heading\" data-id=\"8c03805\" data-element_type=\"widget\" data-widget_type=\"pxl_heading.default\">\n\t\t\t\t<div class=\"elementor-widget-container\">\n\t\t\t\t\t<div class=\"pxl-heading\">\n\t<div class=\"pxl-heading--inner\">\n\t\t\t\t<h1 class=\"pxl-item--title divider-none wow zoomIn\" data-wow-delay=\"900ms\">\n\t\tASK THE PRICE\t\t\n\n\t\t<\/h1>\n\t\t\t<\/div>\n<\/div>\t\t\t\t<\/div>\n\t\t\t\t<\/div>\n\t\t            <\/div>\r\n        <\/div>\r\n        \t\t\t<\/div>\n\t\t<\/section>\n\t\t        <section class=\"elementor-section elementor-top-section elementor-element elementor-element-76de26f6 elementor-section-stretched elementor-section-boxed elementor-section-height-default elementor-section-height-default pxl-section-overflow-hidden-no elementor-invisible pxl-elementor-animate\" data-id=\"76de26f6\" data-element_type=\"section\" data-settings=\"{&quot;stretch_section&quot;:&quot;section-stretched&quot;,&quot;animation&quot;:&quot;fadeInUp&quot;,&quot;animation_delay&quot;:1500}\">\n\n                \n                <div class=\"elementor-container elementor-column-gap-extended\">\n                <div class=\"elementor-column elementor-col-100 elementor-top-column elementor-element elementor-element-1f17c707 col-offset-none pxl-column-element-default pxl-column-overflow-hidden-no\" data-id=\"1f17c707\" data-element_type=\"column\">\r\n        <div class=\"elementor-widget-wrap\">\r\n                     \r\n                    <\/div>\r\n        <\/div>\r\n        \t\t\t<\/div>\n\t\t<\/section>\n\t\t        <section class=\"elementor-section elementor-top-section elementor-element elementor-element-c7921d1 elementor-section-boxed elementor-section-height-default elementor-section-height-default pxl-section-overflow-hidden-no\" data-id=\"c7921d1\" data-element_type=\"section\">\n\n                \n                <div class=\"elementor-container elementor-column-gap-default\">\n                <div class=\"elementor-column elementor-col-100 elementor-top-column elementor-element elementor-element-bf4206d col-offset-none pxl-column-element-default pxl-column-overflow-hidden-no\" data-id=\"bf4206d\" data-element_type=\"column\">\r\n        <div class=\"elementor-widget-wrap elementor-element-populated\">\r\n                     \r\n        \t\t<div class=\"elementor-element elementor-element-c51cb2a pxl-wg-bd-anm-no elementor-widget elementor-widget-shortcode\" data-id=\"c51cb2a\" data-element_type=\"widget\" data-widget_type=\"shortcode.default\">\n\t\t\t\t<div class=\"elementor-widget-container\">\n\t\t\t\t\t\t\t<div class=\"elementor-shortcode\"><\/div>\n\t\t\t\t\t\t<\/div>\n\t\t\t\t<\/div>\n\t\t            <\/div>\r\n        <\/div>\r\n        \t\t\t<\/div>\n\t\t<\/section>\n\t\t        <section class=\"elementor-section elementor-top-section elementor-element elementor-element-6485e7c elementor-section-boxed elementor-section-height-default elementor-section-height-default pxl-section-overflow-hidden-no\" data-id=\"6485e7c\" data-element_type=\"section\">\n\n                            <div class=\"elementor-background-overlay\"><\/div>\n            \n                <div class=\"elementor-container elementor-column-gap-default\">\n                <div class=\"elementor-column elementor-col-100 elementor-top-column elementor-element elementor-element-5c8958e col-offset-none pxl-column-element-default pxl-column-overflow-hidden-no\" data-id=\"5c8958e\" data-element_type=\"column\">\r\n        <div class=\"elementor-widget-wrap elementor-element-populated\">\r\n                     \r\n        \t\t<div class=\"elementor-element elementor-element-b59a091 pxl-wg-bd-anm-no elementor-widget elementor-widget-pxl_heading\" data-id=\"b59a091\" data-element_type=\"widget\" data-widget_type=\"pxl_heading.default\">\n\t\t\t\t<div class=\"elementor-widget-container\">\n\t\t\t\t\t<div class=\"pxl-heading\">\n\t<div class=\"pxl-heading--inner\">\n\t\t\t\t<h2 class=\"pxl-item--title divider-none\" data-wow-delay=\"ms\">\n\t\tBooking conditions\t\t\n\n\t\t<\/h2>\n\t\t\t<\/div>\n<\/div>\t\t\t\t<\/div>\n\t\t\t\t<\/div>\n\t\t\t\t<div class=\"elementor-element elementor-element-d2f3da7 pxl-wg-bd-anm-no elementor-widget elementor-widget-pxl_text_editor\" data-id=\"d2f3da7\" data-element_type=\"widget\" data-widget_type=\"pxl_text_editor.default\">\n\t\t\t\t<div class=\"elementor-widget-container\">\n\t\t\t\t\t<div class=\"pxl-text-editor\">\n\t<div class=\"pxl-item--inner\" data-wow-delay=\"ms\">\n\t\t<p data-sourcepos=\"7:1-7:473\"><strong>Your rate request will be communicated to you once the form has been completed and sent.<\/strong><\/p><p data-sourcepos=\"7:1-7:473\">We will respond as soon as possible<\/p>\t<\/div>\n<\/div>\t\t\t\t<\/div>\n\t\t\t\t<\/div>\n\t\t            <\/div>\r\n        <\/div>\r\n        \t\t\t<\/div>\n\t\t<\/section>\n\t\t        <section class=\"elementor-section elementor-top-section elementor-element elementor-element-1ce7fb3 elementor-section-boxed elementor-section-height-default elementor-section-height-default pxl-section-overflow-hidden-no\" data-id=\"1ce7fb3\" data-element_type=\"section\" data-settings=\"{&quot;background_background&quot;:&quot;classic&quot;}\">\n\n                \n                <div class=\"elementor-container elementor-column-gap-default\">\n                <div class=\"elementor-column elementor-col-100 elementor-top-column elementor-element elementor-element-bf769d0 col-offset-none pxl-column-element-default pxl-column-overflow-hidden-no\" data-id=\"bf769d0\" data-element_type=\"column\">\r\n        <div class=\"elementor-widget-wrap elementor-element-populated\">\r\n                     \r\n        \t\t<div class=\"elementor-element elementor-element-83fd5a1 pxl-wg-bd-anm-no elementor-widget elementor-widget-shortcode\" data-id=\"83fd5a1\" data-element_type=\"widget\" data-widget_type=\"shortcode.default\">\n\t\t\t\t<div class=\"elementor-widget-container\">\n\t\t\t\t\t\t\t<div class=\"elementor-shortcode\"><\/div>\n\t\t\t\t\t\t<\/div>\n\t\t\t\t<\/div>\n\t\t            <\/div>\r\n        <\/div>\r\n        \t\t\t<\/div>\n\t\t<\/section>\n\t\t        <section class=\"elementor-section elementor-top-section elementor-element elementor-element-db5dbf3 elementor-section-boxed elementor-section-height-default elementor-section-height-default pxl-section-overflow-hidden-no\" data-id=\"db5dbf3\" data-element_type=\"section\" data-settings=\"{&quot;background_background&quot;:&quot;classic&quot;}\">\n\n                \n                <div class=\"elementor-container elementor-column-gap-default\">\n                <div class=\"elementor-column elementor-col-100 elementor-top-column elementor-element elementor-element-e381b12 col-offset-none pxl-column-element-default pxl-column-overflow-hidden-no\" data-id=\"e381b12\" data-element_type=\"column\">\r\n        <div class=\"elementor-widget-wrap elementor-element-populated\">\r\n                     \r\n        \t\t<div class=\"elementor-element elementor-element-deffd86 pxl-wg-bd-anm-no elementor-widget elementor-widget-pxl_text_editor\" data-id=\"deffd86\" data-element_type=\"widget\" data-widget_type=\"pxl_text_editor.default\">\n\t\t\t\t<div class=\"elementor-widget-container\">\n\t\t\t\t\t<div class=\"pxl-text-editor\">\n\t<div class=\"pxl-item--inner\" data-wow-delay=\"ms\">\n\t\t<p data-sourcepos=\"7:1-7:473\"><strong>From \u20ac90 to \u20ac250 per night.<\/strong><br \/><strong>Price of the deposit: <\/strong>500\u20ac (to be paid on arrival, returned upon check-out)<br \/><strong>Mandatory cleaning fee: <\/strong>\u20ac50\/\u20ac80 per stay, not included (depending on the apartment), free for stays of 14 nights or more<br \/><strong>Tourist tax:\u00a0<\/strong>1\u20ac\/Day\/Adult<br \/><strong>Accepted means of payment: Transfer, ANCV Checks<\/strong><\/p>\t<\/div>\n<\/div>\t\t\t\t<\/div>\n\t\t\t\t<\/div>\n\t\t\t\t<div class=\"elementor-element elementor-element-2e00724 pxl-wg-bd-anm-no elementor-widget elementor-widget-heading\" data-id=\"2e00724\" data-element_type=\"widget\" data-widget_type=\"heading.default\">\n\t\t\t\t<div class=\"elementor-widget-container\">\n\t\t\t\t\t<h2 class=\"elementor-heading-title elementor-size-default\">Rates<\/h2>\t\t\t\t<\/div>\n\t\t\t\t<\/div>\n\t\t\t\t<div class=\"elementor-element elementor-element-5c33f37 pxl-wg-bd-anm-no elementor-widget elementor-widget-shortcode\" data-id=\"5c33f37\" data-element_type=\"widget\" data-widget_type=\"shortcode.default\">\n\t\t\t\t<div class=\"elementor-widget-container\">\n\t\t\t\t\t\t\t<div class=\"elementor-shortcode\"> <\/div>\n\t\t\t\t\t\t<\/div>\n\t\t\t\t<\/div>\n\t\t            <\/div>\r\n        <\/div>\r\n        \t\t\t<\/div>\n\t\t<\/section>\n\t\t        <section class=\"elementor-section elementor-top-section elementor-element elementor-element-e1e2eff elementor-section-boxed elementor-section-height-default elementor-section-height-default pxl-section-overflow-hidden-no\" data-id=\"e1e2eff\" data-element_type=\"section\">\n\n                \n                <div class=\"elementor-container elementor-column-gap-default\">\n                <div class=\"elementor-column elementor-col-100 elementor-top-column elementor-element elementor-element-fc2f6ef col-offset-none pxl-column-element-default pxl-column-overflow-hidden-no\" data-id=\"fc2f6ef\" data-element_type=\"column\">\r\n        <div class=\"elementor-widget-wrap elementor-element-populated\">\r\n                     \r\n        \t\t<div class=\"elementor-element elementor-element-6ed016e pxl-wg-bd-anm-no elementor-widget elementor-widget-pxl_blockquote\" data-id=\"6ed016e\" data-element_type=\"widget\" data-widget_type=\"pxl_blockquote.default\">\n\t\t\t\t<div class=\"elementor-widget-container\">\n\t\t\t\t\t<div class=\"pxl-blockquote\">\n\t<div class=\"pxl-blockquote--inner\">\n\t\t<h4 class=\"pxl-item--content   style1\" data-wow-delay=\"ms\" data-wow-duration=\"1.2s\">\n\t\t\t\t\t<\/h4>\n\t\t\t<\/div>\n<\/div>\t\t\t\t<\/div>\n\t\t\t\t<\/div>\n\t\t            <\/div>\r\n        <\/div>\r\n        \t\t\t<\/div>\n\t\t<\/section>\n\t\t\t\t<\/div>","protected":false},"excerpt":{"rendered":"<p>DEMANDE DE TARIF Conditions de r\u00e9servation Votre demande de tarif vous sera communiqu\u00e9e une fois le formulaire rempli et envoy\u00e9. Nous vous r\u00e9pondrons dans les meilleurs d\u00e9lais De 90\u20ac \u00e0 250\u20ac la nuit\u00e9e.Prix de la caution : 500\u20ac (\u00e0 payer \u00e0 l&#8217;arriv\u00e9e, restitu\u00e9e lors du check-out)Forfait m\u00e9nage obligatoire : 50\/80\u20ac par s\u00e9jour, non inclus (selon [&hellip;]<\/p>\n","protected":false},"author":1,"featured_media":0,"parent":0,"menu_order":0,"comment_status":"closed","ping_status":"closed","template":"","meta":{"_seopress_robots_primary_cat":"","_seopress_titles_title":"","_seopress_titles_desc":"","_seopress_robots_index":"","footnotes":""},"class_list":["post-506","page","type-page","status-publish","hentry"],"_links":{"self":[{"href":"https:\/\/appartmadinina27.com\/en\/wp-json\/wp\/v2\/pages\/506","targetHints":{"allow":["GET"]}}],"collection":[{"href":"https:\/\/appartmadinina27.com\/en\/wp-json\/wp\/v2\/pages"}],"about":[{"href":"https:\/\/appartmadinina27.com\/en\/wp-json\/wp\/v2\/types\/page"}],"author":[{"embeddable":true,"href":"https:\/\/appartmadinina27.com\/en\/wp-json\/wp\/v2\/users\/1"}],"replies":[{"embeddable":true,"href":"https:\/\/appartmadinina27.com\/en\/wp-json\/wp\/v2\/comments?post=506"}],"version-history":[{"count":159,"href":"https:\/\/appartmadinina27.com\/en\/wp-json\/wp\/v2\/pages\/506\/revisions"}],"predecessor-version":[{"id":4806,"href":"https:\/\/appartmadinina27.com\/en\/wp-json\/wp\/v2\/pages\/506\/revisions\/4806"}],"wp:attachment":[{"href":"https:\/\/appartmadinina27.com\/en\/wp-json\/wp\/v2\/media?parent=506"}],"curies":[{"name":"wp","href":"https:\/\/api.w.org\/{rel}","templated":true}]}}