{"id":3740,"date":"2024-02-07T21:17:12","date_gmt":"2024-02-07T20:17:12","guid":{"rendered":"https:\/\/appartmadinina27.com\/?page_id=3740"},"modified":"2024-02-07T21:17:45","modified_gmt":"2024-02-07T20:17:45","slug":"mentions-legales","status":"publish","type":"page","link":"https:\/\/appartmadinina27.com\/en\/mentions-legales\/","title":{"rendered":"Legal notices"},"content":{"rendered":"<p>The Appart Madinina 27 site (hereinafter \u201cthe Site\u201d), accessible at the address <a href=\"https:\/\/appartmadinina27.com\/en\/\">https:\/\/appartmadinina27.com\/<\/a> East<br>edited by Fr\u00e9d\u00e9ric Arnould (hereinafter \u201cthe Editor\u201d).<br>contact@appartmadinina27.com<\/p>\n\n\n\n<h2 class=\"wp-block-heading\" id=\"1-presentation-du-site\"><strong>1. Presentation of the site<\/strong><\/h2>\n\n\n\n<p>Under article 6 of law no. 2004-575 of June 21, 2004 for confidence in the digital economy, users of the site are informed\u00a0<a href=\"http:\/\/appartmadinina27.com\/en\/\" target=\"_blank\" rel=\"noreferrer noopener\">https:\/\/appartmadinina27.com\/<\/a>\u00a0the identity of the various stakeholders in the context of its implementation and monitoring:\u00a0<\/p>\n\n\n\n<p><strong>Owner :<\/strong>\u00a0Fr\u00e9d\u00e9ric Arnould\u00a0<\/p>\n\n\n\n<p><strong>Creator, Publication Manager and Webmaster:<\/strong>&nbsp;<\/p>\n\n\n\n<p>Fr\u00e9d\u00e9ric Arnould contact@appartmadinina27.com<\/p>\n\n\n\n<p><strong>Host :<\/strong>\u00a0Hostinger \u2013 143 Rue Emile Julien, 34070 Montpellier, France<\/p>\n\n\n\n<p><strong>Credits:<\/strong>&nbsp;This&nbsp;<a href=\"https:\/\/www.aetherium.fr\/generateur-de-mentions-legales-et-de-politique-de-confidentialite\/\" target=\"_blank\" rel=\"noreferrer noopener\">legal information template<\/a>&nbsp;is offered by&nbsp;<a href=\"https:\/\/www.aetherium.fr\/\" target=\"_blank\" rel=\"noreferrer noopener\">Aetherium, communications agency in<\/a><a rel=\"noreferrer noopener\" href=\"https:\/\/www.aetherium.fr\/\" target=\"_blank\">&nbsp;<\/a><a href=\"https:\/\/www.aetherium.fr\/\" target=\"_blank\" rel=\"noreferrer noopener\">C\u00f4tes d\u2019Armor<\/a>. The legal notices part is an adaptation of the work proposed by&nbsp;<a href=\"https:\/\/www.subdelirium.com\/generateur-de-mentions-legales\/\" target=\"_blank\" rel=\"noreferrer noopener\">SubDelirium<\/a>. The privacy policy part is based on an original work by&nbsp;<a href=\"https:\/\/www.aetherium.fr\/generateur-de-mentions-legales-et-de-politique-de-confidentialite\/\" target=\"_blank\" rel=\"noreferrer noopener\">The Aetherium<\/a>.<\/p>\n\n\n\n<h2 class=\"wp-block-heading\" id=\"2-conditions-generales-d-utilisation-du-site-et-des-services-proposes\"><strong>2. General conditions of use of the site and the services offered<\/strong><\/h2>\n\n\n\n<p>Use of the site\u00a0<a href=\"http:\/\/appartmadinina27.com\/en\/\" target=\"_blank\" rel=\"noreferrer noopener\">appartmadinina27.com<\/a>\u00a0implies full acceptance of the general conditions of use described below. These conditions of use may be modified or supplemented at any time, users of the site are therefore invited to consult them regularly. This site is normally accessible to users at any time. An interruption for reasons of technical maintenance may however be decided by Fr\u00e9d\u00e9ric Arnould, who will then endeavor to communicate to users in advance the dates and times of the intervention. The site is updated regularly by Fr\u00e9d\u00e9ric Arnould.<\/p>\n\n\n\n<h2 class=\"wp-block-heading\" id=\"3-description-des-services-fournis\"><strong>3. Description of services provided<\/strong><\/h2>\n\n\n\n<p>The site\u00a0<a href=\"http:\/\/appartmadinina27.com\/en\/\" target=\"_blank\" rel=\"noreferrer noopener\"><a href=\"https:\/\/ldcreationweb.com\/\" target=\"_blank\" rel=\"noreferrer noopener\">appartmadinina27.com<\/a><\/a>\u00a0aims to provide information regarding all of the company&#039;s activities. Fr\u00e9d\u00e9ric Arnould strives to provide as accurate information as possible on the site. However, it cannot be held responsible for omissions, inaccuracies and deficiencies in the update, whether due to itself or the third party partners who provide this information. All information indicated on the site is given for information purposes only and is subject to change. Furthermore, the information on the site is not exhaustive. They are given subject to modifications having been made since they were put online.<\/p>\n\n\n\n<h2 class=\"wp-block-heading\" id=\"4-limitations-contractuelles-sur-les-donnees-techniques\"><strong>4. Contractual limitations on technical data<\/strong><\/h2>\n\n\n\n<p>The site uses JavaScript technology. The website cannot be held responsible for material damage linked to the use of the site. In addition, the user of the site undertakes to access the site using recent equipment, not containing viruses and with an updated latest generation browser.<\/p>\n\n\n\n<h2 class=\"wp-block-heading\" id=\"5-propriete-intellectuelle-et-contrefacons\"><strong>5. Intellectual property and counterfeits<\/strong><\/h2>\n\n\n\n<p>Unless otherwise stated, Fr\u00e9d\u00e9ric Arnould is the owner of the intellectual property rights or holds the usage rights on all elements accessible on the site, in particular texts, images, graphics, logos, icons. The texts and images present on the site\u00a0<a href=\"http:\/\/appartmadinina27.com\/en\/\" target=\"_blank\" rel=\"noreferrer noopener\">appartmadinina27.com<\/a>\u00a0produced by Fr\u00e9d\u00e9ric Arnould are made available under the terms of the\u00a0<a href=\"https:\/\/creativecommons.org\/licenses\/by-nd\/3.0\/deed.fr\" target=\"_blank\" rel=\"noreferrer noopener\">Creative Commons Attribution \u2013 No Derivative 3.0 license untranscribed<\/a>. The use on another website of one or more texts present on\u00a0<a href=\"http:\/\/appartmadinina27.com\/en\/\" target=\"_blank\" rel=\"noreferrer noopener\"><a href=\"https:\/\/ldcreationweb.com\/\" target=\"_blank\" rel=\"noreferrer noopener\">appartmadinina27.com<\/a><\/a>\u00a0must however be the subject of an authorization request from Fr\u00e9d\u00e9ric Arnould, in order to avoid duplicate content situations. Permissions beyond the scope of this license may be obtained by contacting the site owner. Any unauthorized use of the site by this legal notice, or of one of the elements it contains, will be considered as constituting an infringement and prosecuted in accordance with the provisions of articles L.335-2 et seq. of the Intellectual Property Code.<\/p>\n\n\n\n<h2 class=\"wp-block-heading\" id=\"6-limitations-de-responsabilite\"><strong>6. Limitations of liability<\/strong><\/h2>\n\n\n\n<p>Fr\u00e9d\u00e9ric Arnould cannot be held responsible for direct or indirect damage caused to the user&#039;s equipment when accessing the site.\u00a0<a href=\"http:\/\/appartmadinina27.com\/en\/\" target=\"_blank\" rel=\"noreferrer noopener\">appartmadinina27.com<\/a>, and resulting either from the use of equipment that does not meet the specifications indicated in point 4, or from the appearance of a bug or incompatibility. Fr\u00e9d\u00e9ric Arnould cannot also be held responsible for indirect damage (such as loss of market or loss of opportunity) resulting from the use of the site. Interactive spaces (possibility of asking questions in the contact area) are available to users. Fr\u00e9d\u00e9ric Arnould reserves the right to delete, without prior notice, any content posted in this space which contravenes the legislation applicable in France, in particular the provisions relating to data protection. Where applicable, Fr\u00e9d\u00e9ric Arnould also reserves the right to call into question the user&#039;s civil and\/or criminal liability, particularly in the event of messages of a racist, offensive, defamatory, or pornographic nature, regardless of the medium used ( text, photography, etc.).<\/p>\n\n\n\n<h2 class=\"wp-block-heading\" id=\"7-liens-hypertextes-et-cookies\"><strong>7. Hypertext links and cookies<\/strong><\/h2>\n\n\n\n<p>The site\u00a0<a href=\"http:\/\/appartmadinina27.com\/en\/\" target=\"_blank\" rel=\"noreferrer noopener\"><a href=\"https:\/\/ldcreationweb.com\/\" target=\"_blank\" rel=\"noreferrer noopener\">appartmadinina27.com<\/a><\/a>\u00a0contains a certain number of hypertext links to other sites, set up with the authorization of Fr\u00e9d\u00e9ric Arnould. However, Fr\u00e9d\u00e9ric Arnould is not able to verify the content of the sites visited, and will therefore not assume any responsibility for this. Browsing the site may cause cookies to be installed on the user&#039;s computer. A cookie is a small file, which does not allow the identification of the user, but which records information relating to the navigation of a computer on a site. The data thus obtained aims to facilitate subsequent navigation on the site, and is also intended to enable various traffic measurements. Refusing to install a cookie may result in it being impossible to access certain services. The user can, however, configure their computer in the following way to refuse the installation of cookies:<\/p>\n\n\n\n<ul class=\"wp-block-list\">\n<li><strong>Under Internet Explorer<\/strong>&nbsp;: tool tab (cog-shaped pictogram at the top right) \/ internet options. Click Privacy and choose Block all cookies. Validate by clicking on Ok.<\/li>\n\n\n\n<li><strong>Under Edge<\/strong>&nbsp;: click at the top right of the browser on the menu pictogram (symbolized by three small dots). Select Settings. Then go to the Privacy and Security tab. In the Cookies section, choose to block cookies.<\/li>\n\n\n\n<li><strong>Under Firefox<\/strong>&nbsp;: at the top of the browser window, click the Firefox button, then go to the Options tab. Click on the Privacy tab. Set Retention Rules to: Use custom settings for history. Finally check the box to block cookies.<\/li>\n\n\n\n<li><strong>Under Safari<\/strong>&nbsp;: click at the top right of the browser on the menu pictogram (symbolized by a cog). Select Settings. Click Show advanced settings. In the Privacy section, click Content Settings. In the \u201cCookies\u201d section you can block cookies.<\/li>\n\n\n\n<li><strong>Under Chrome<\/strong>&nbsp;: click at the top right of the browser on the menu pictogram (symbolized by three horizontal lines). Select Settings. Click Show advanced settings. In the Privacy section, click Preferences. In the Privacy tab you can block cookies.<\/li>\n<\/ul>\n\n\n\n<h2 class=\"wp-block-heading\" id=\"8-droit-applicable-et-attribution-de-juridiction\"><strong>8. Applicable law and attribution of jurisdiction<\/strong><\/h2>\n\n\n\n<p>Any dispute relating to the use of the site\u00a0<a href=\"http:\/\/appartmadinina27.com\/en\/\" target=\"_blank\" rel=\"noreferrer noopener\">appartmadinina27.com<\/a>\u00a0is subject to French law. Exclusive jurisdiction is granted to the competent courts of Paris.<\/p>\n\n\n\n<h2 class=\"wp-block-heading\" id=\"9-les-principales-lois-concernees\"><strong>9. The main laws concerned<\/strong><\/h2>\n\n\n\n<ul class=\"wp-block-list\">\n<li>Law No. 78-17 of January 6, 1978, notably amended by Law No. 2004-801 of August 6, 2004 relating to data processing, files and freedoms.<\/li>\n\n\n\n<li>Law No. 2004-575 of June 21, 2004 for confidence in the digital economy.<\/li>\n\n\n\n<li>European Regulation No. 2016\/679 (known as&nbsp;<a href=\"https:\/\/www.aetherium.fr\/rgpd-loi-de-finances-double-peine-impact-wordpress-ecommerce\/\" target=\"_blank\" rel=\"noreferrer noopener\">General Data Protection Regulation (GDPR)<\/a>.<\/li>\n<\/ul>\n\n\n\n<h2 class=\"wp-block-heading\" id=\"10-lexique\"><strong>10. Glossary<\/strong><\/h2>\n\n\n\n<ul class=\"wp-block-list\">\n<li>User: Internet user connecting, using the above-mentioned site.<\/li>\n\n\n\n<li>Personal information: \u201cinformation which allows, in any form whatsoever, directly or indirectly, the identification of the natural persons to whom it applies\u201d (article 4 of law no. 78-17 of January 6, 1978).<\/li>\n<\/ul>","protected":false},"excerpt":{"rendered":"<p>Le site Appart Madinina 27 (ci-apr\u00e8s \u00ab le Site \u00bb), accessible \u00e0 l\u2019adresse https:\/\/appartmadinina27.com\/ est\u00e9dit\u00e9 par Fr\u00e9d\u00e9ric Arnould (ci-apr\u00e8s \u00ab l\u2019Editeur \u00bb).contact@appartmadinina27.com 1. Pr\u00e9sentation du site En vertu de l\u2019article 6 de la loi n\u00b0 2004-575 du 21 juin 2004 pour la confiance dans l\u2019\u00e9conomie num\u00e9rique, il est pr\u00e9cis\u00e9 aux utilisateurs du site\u00a0https:\/\/appartmadinina27.com\/\u00a0l\u2019identit\u00e9 des diff\u00e9rents [&hellip;]<\/p>\n","protected":false},"author":2,"featured_media":0,"parent":0,"menu_order":0,"comment_status":"closed","ping_status":"closed","template":"","meta":{"_seopress_robots_primary_cat":"","_seopress_titles_title":"","_seopress_titles_desc":"","_seopress_robots_index":"","footnotes":""},"class_list":["post-3740","page","type-page","status-publish","hentry"],"_links":{"self":[{"href":"https:\/\/appartmadinina27.com\/en\/wp-json\/wp\/v2\/pages\/3740","targetHints":{"allow":["GET"]}}],"collection":[{"href":"https:\/\/appartmadinina27.com\/en\/wp-json\/wp\/v2\/pages"}],"about":[{"href":"https:\/\/appartmadinina27.com\/en\/wp-json\/wp\/v2\/types\/page"}],"author":[{"embeddable":true,"href":"https:\/\/appartmadinina27.com\/en\/wp-json\/wp\/v2\/users\/2"}],"replies":[{"embeddable":true,"href":"https:\/\/appartmadinina27.com\/en\/wp-json\/wp\/v2\/comments?post=3740"}],"version-history":[{"count":2,"href":"https:\/\/appartmadinina27.com\/en\/wp-json\/wp\/v2\/pages\/3740\/revisions"}],"predecessor-version":[{"id":3744,"href":"https:\/\/appartmadinina27.com\/en\/wp-json\/wp\/v2\/pages\/3740\/revisions\/3744"}],"wp:attachment":[{"href":"https:\/\/appartmadinina27.com\/en\/wp-json\/wp\/v2\/media?parent=3740"}],"curies":[{"name":"wp","href":"https:\/\/api.w.org\/{rel}","templated":true}]}}