{"id":3,"date":"2023-05-19T05:30:54","date_gmt":"2023-05-19T05:30:54","guid":{"rendered":"https:\/\/demo.bravisthemes.com\/seaside\/?page_id=3"},"modified":"2026-04-02T10:14:43","modified_gmt":"2026-04-02T08:14:43","slug":"politique-confidentialite","status":"publish","type":"page","link":"https:\/\/appartmadinina27.com\/en\/politique-confidentialite\/","title":{"rendered":"Privacy Policy"},"content":{"rendered":"<h1 class=\"wp-block-heading\">Privacy Policy<\/h1>\n\n\n\n<p><\/p>\n\n\n\n<p>Faced with the development of new communication tools, it is necessary to pay particular attention to the protection of privacy. This is why, in order to comply with the General Data Protection Regulation (<strong><a href=\"https:\/\/www.aetherium.fr\/rgpd-loi-de-finances-double-peine-impact-wordpress-ecommerce\/\" target=\"_blank\" rel=\"noreferrer noopener\">GDPR<\/a><\/strong>) we are committed to respecting the confidentiality of the personal information we collect. In France, personal data are notably protected by law n\u00b0 78-87 of January 6, 1978, law n\u00b0 2004-801 of August 6, 2004, article L. 226-13 of the Penal Code, the European Directive of October 24, 1995 and finally by Regulation No. 2016\/679 (known as the General Data Protection Regulation or GDPR). In any case Appart Madinina 27 only collects personal information relating to the user for the purposes of certain services offered by the site.&nbsp;<a href=\"http:\/\/appartmadinina27.com\/en\/\" target=\"_blank\" rel=\"noreferrer noopener\">appartmadinina27.com<\/a>. The user provides this information in full knowledge of the facts, particularly when he enters it himself.<\/p>\n\n\n\n<p><strong>Credits:<\/strong>&nbsp;This&nbsp;<a href=\"https:\/\/www.aetherium.fr\/generateur-de-mentions-legales-et-de-politique-de-confidentialite\/\" target=\"_blank\" rel=\"noreferrer noopener\">legal information template<\/a>&nbsp;is offered by&nbsp;<a href=\"https:\/\/www.aetherium.fr\/\" target=\"_blank\" rel=\"noreferrer noopener\">Aetherium, communications agency in C\u00f4tes d\u2019Armor<\/a>. The legal notices part is an adaptation of the work proposed by&nbsp;<a href=\"https:\/\/www.subdelirium.com\/generateur-de-mentions-legales\/\" target=\"_blank\" rel=\"noreferrer noopener\">SubDelirium<\/a>. The privacy policy part is based on an original work by&nbsp;<a href=\"https:\/\/www.aetherium.fr\/generateur-de-mentions-legales-et-de-politique-de-confidentialite\/\" target=\"_blank\" rel=\"noreferrer noopener\">The Aetherium<\/a>.<\/p>\n\n\n\n<h2 class=\"wp-block-heading\"><strong>1. Collection of personal information<\/strong><\/h2>\n\n\n\n<p>The following information is collected: Identity information (last name, first name, etc.) and contact email. The personal information collected is collected through forms and through the interactivity established between you and this website. The information collected is kept for the duration necessary to achieve the purposes specified above. Cookies and\/or log files are also used, as indicated in the following section, to gather information about you.<\/p>\n\n\n\n<h2 class=\"wp-block-heading\"><strong>2. Forms and interactivity<\/strong><\/h2>\n\n\n\n<p>Your personal information is collected through forms, namely: Contact form.<\/p>\n\n\n\n<p>The information thus collected is used for the following purposes: Contact, Reservation.<\/p>\n\n\n\n<p>Your information is also collected through the interactivity that may be established between you and this website, in the following way:<\/p>\n\n\n\n<ul class=\"wp-block-list\">\n<li>Visit to the site<\/li>\n<\/ul>\n\n\n\n<p>The information thus collected is for the following purpose:<\/p>\n\n\n\n<ul class=\"wp-block-list\">\n<li>Visit statistics via Google Analytics<\/li>\n<\/ul>\n\n\n\n<h2 class=\"wp-block-heading\"><strong>2.1 Right of opposition and withdrawal<\/strong><\/h2>\n\n\n\n<p>I am committed to providing you with the right to object to and withdraw your personal information. The right to object means that users can refuse to allow their personal information to be used for certain purposes specified at the time of collection. The right to withdraw means that users can request that their personal information be removed, for example, from a mailing list. To exercise these rights, you can contact Fr\u00e9d\u00e9ric Arnould by email at contact@appartmadinina27.com<\/p>\n\n\n\n<h2 class=\"wp-block-heading\"><strong>2.2 Right of access<\/strong><\/h2>\n\n\n\n<p>I commit to granting individuals the right to access and rectify their personal data, allowing them to consult, modify, or even delete the information concerning them. This right can be exercised by contacting Fr\u00e9d\u00e9ric Arnould via email at contact@appartmadinina27.com<\/p>\n\n\n\n<h2 class=\"wp-block-heading\"><strong>2.3 Security<\/strong><\/h2>\n\n\n\n<p>The personal information collected is kept in a secure environment. Visit statistics information is automatically deleted after one year. People working for Appart Madinina 27 are required to respect the confidentiality of your information. To ensure the security of your personal information, the following measures are put in place: SSL (Secure Sockets Layer) protocol, Computer backup.<\/p>\n\n\n\n<p>No personal information of the site user\u00a0<a href=\"https:\/\/ldcreationweb.com\/\" target=\"_blank\" rel=\"noreferrer noopener\"><a href=\"http:\/\/appartmadinina27.com\/en\/\" target=\"_blank\" rel=\"noreferrer noopener\">appartmadinina27.com<\/a>\u00a0<\/a>is not published without the user&#039;s knowledge, exchanged, transferred, assigned or sold on any medium to third parties. Furthermore, I am committed to maintaining a high degree of confidentiality in order to ensure the confidentiality of your transactions. However, as no mechanism offers maximum security, some risk is always present when using the Internet to transmit personal information.<\/p>\n\n\n\n<h2 class=\"wp-block-heading\"><strong>3. Legislation<\/strong><\/h2>\n\n\n\n<p>I undertake to comply with the legislative provisions set out in European Regulation No. 2016\/679 (known as the General Data Protection Regulation or GDPR).<\/p>\n\n\n\n<p><\/p>","protected":false},"excerpt":{"rendered":"<p>Politique de confidentialit\u00e9 Devant le d\u00e9veloppement des nouveaux outils de communication, il est n\u00e9cessaire de porter une attention particuli\u00e8re \u00e0 la protection de la vie priv\u00e9e. C\u2019est pourquoi, afin d\u2019\u00eatre en conformit\u00e9 avec le r\u00e8glement g\u00e9n\u00e9ral sur la protection des donn\u00e9es (RGPD) nous nous engageons \u00e0 respecter la confidentialit\u00e9 des renseignements personnels que nous collectons. [&hellip;]<\/p>\n","protected":false},"author":1,"featured_media":0,"parent":0,"menu_order":0,"comment_status":"closed","ping_status":"open","template":"","meta":{"_seopress_robots_primary_cat":"","_seopress_titles_title":"","_seopress_titles_desc":"","_seopress_robots_index":"","footnotes":""},"class_list":["post-3","page","type-page","status-publish","hentry"],"_links":{"self":[{"href":"https:\/\/appartmadinina27.com\/en\/wp-json\/wp\/v2\/pages\/3","targetHints":{"allow":["GET"]}}],"collection":[{"href":"https:\/\/appartmadinina27.com\/en\/wp-json\/wp\/v2\/pages"}],"about":[{"href":"https:\/\/appartmadinina27.com\/en\/wp-json\/wp\/v2\/types\/page"}],"author":[{"embeddable":true,"href":"https:\/\/appartmadinina27.com\/en\/wp-json\/wp\/v2\/users\/1"}],"replies":[{"embeddable":true,"href":"https:\/\/appartmadinina27.com\/en\/wp-json\/wp\/v2\/comments?post=3"}],"version-history":[{"count":2,"href":"https:\/\/appartmadinina27.com\/en\/wp-json\/wp\/v2\/pages\/3\/revisions"}],"predecessor-version":[{"id":4848,"href":"https:\/\/appartmadinina27.com\/en\/wp-json\/wp\/v2\/pages\/3\/revisions\/4848"}],"wp:attachment":[{"href":"https:\/\/appartmadinina27.com\/en\/wp-json\/wp\/v2\/media?parent=3"}],"curies":[{"name":"wp","href":"https:\/\/api.w.org\/{rel}","templated":true}]}}